{"id":1802,"date":"2018-01-22T18:39:18","date_gmt":"2018-01-23T00:39:18","guid":{"rendered":"http:\/\/arboldelavida.mx\/?page_id=1802"},"modified":"2018-01-22T18:39:18","modified_gmt":"2018-01-23T00:39:18","slug":"informazioni-su-arbol-de-la-vida","status":"publish","type":"page","link":"https:\/\/arboldelavida.mx\/it\/informazioni-su-arbol-de-la-vida\/","title":{"rendered":"Informazioni su Arbol de la Vida"},"content":{"rendered":"<p style=\"text-align: center;\">\u00c1rbol de la Vida nace como un espacio de comunicaci\u00f3n en el cual comparto experiencias, perspectivas e informaci\u00f3n acerca de mi quehacer cl\u00ednico, con una\u00a0psicolog\u00eda clara y asequible. Y sobre todo, comparto la alegr\u00eda de un buen vivir.<\/p>\n<h2>Francesca Caregnato Tosetto<\/h2>\n<h4><img data-recalc-dims=\"1\" loading=\"lazy\" decoding=\"async\" class=\"alignleft wp-image-192\" src=\"https:\/\/i0.wp.com\/arboldelavida.mx\/wp-content\/uploads\/2013\/04\/Francesca-About1.jpg?resize=300%2C300&#038;ssl=1\" alt=\"Francesca-About\" width=\"300\" height=\"300\" srcset=\"https:\/\/i0.wp.com\/arboldelavida.mx\/wp-content\/uploads\/2013\/04\/Francesca-About1.jpg?resize=300%2C300&amp;ssl=1 300w, https:\/\/i0.wp.com\/arboldelavida.mx\/wp-content\/uploads\/2013\/04\/Francesca-About1.jpg?resize=150%2C150&amp;ssl=1 150w, https:\/\/i0.wp.com\/arboldelavida.mx\/wp-content\/uploads\/2013\/04\/Francesca-About1.jpg?resize=320%2C320&amp;ssl=1 320w, https:\/\/i0.wp.com\/arboldelavida.mx\/wp-content\/uploads\/2013\/04\/Francesca-About1.jpg?resize=200%2C200&amp;ssl=1 200w, https:\/\/i0.wp.com\/arboldelavida.mx\/wp-content\/uploads\/2013\/04\/Francesca-About1.jpg?w=477&amp;ssl=1 477w\" sizes=\"auto, (max-width: 300px) 100vw, 300px\" \/><br \/>\nC\u00e9dula Profesional N. 5172316<br \/>\nC\u00e9dula Profesional N. 8029335<\/h4>\n<p>Psic\u00f3loga cl\u00ednica, psicoterapeuta certificada*, tanat\u00f3loga y counselor, docente universitaria a nivel profesional y maestr\u00eda, conferencista y supervisora de cl\u00ednicos en formaci\u00f3n.<\/p>\n<p>Me apasiona la vida y me interesan los seres humanos. Tengo la dicha\u00a0de trabajar en lo que me encanta: la psicoterapia y la docencia.\u00a0Adem\u00e1s desarrollo e imparto talleres, conferencias y proyectos psicoeducativos.<\/p>\n<h3>MIS ACTIVIDADES ACTUALES<\/h3>\n<ul>\n<li>Psicoterapeuta y Tanat\u00f3loga en pr\u00e1ctica privada.<\/li>\n<li>Docente de Psicolog\u00eda del Desarrollo en la Maestr\u00eda en Innovaci\u00f3n Educativa en la Universidad ORT y del diplomado en Primeros Auxilios Psicol\u00f3gicos para personas migrantes.<\/li>\n<li>Docente,\u00a0Psicoterapeuta\u00a0y Supervisora en la\u00a0Universidad An\u00e1huac M\u00e9xico Sur.<\/li>\n<li>Desarrollo e impartici\u00f3n de cursos\u00a0en\u00a0adherencia a tratamiento terap\u00e9utico e Intervenci\u00f3n en crisis &#8211; primeros auxilios psicol\u00f3gicos.<\/li>\n<\/ul>\n<h3>MI FORMACI\u00d3N ACAD\u00c9MICA<\/h3>\n<ul>\n<li>Maestr\u00eda en Counseling por la Universidad Iberoamericana de la Cd. de M\u00e9xico. Proyecto de titulaci\u00f3n: \u201cIntervenciones terap\u00e9uticas para incrementar la adherencia a tratamiento en pacientes seropositivos\u201d. T\u00edtulo de maestr\u00eda obtenido con Menci\u00f3n Honor\u00edfica.<\/li>\n<li>Licenciada en Psicolog\u00eda Cl\u00ednica por la Universidad Regional del Sureste, Oaxaca. T\u00edtulo de la tesis: \u201cLa propia familia a trav\u00e9s del test del dibujo de la familia en ni\u00f1os y adolescentes hijos de padres separados\u201d.<\/li>\n<\/ul>\n<p>Certificaciones:<\/p>\n<ul>\n<li>Como psicoterapeuta -Counselor- por\u00a0NBCC International (National Board for Certified Counselors).<\/li>\n<li>En Primeros Auxilios Psicol\u00f3gicos por la Universidad Aut\u00f3noma de Barcelona.<\/li>\n<li>Como facilitadora de salud mental -Mental Health Facilitator- por NBCC International (National Board for Certified Counselors).<\/li>\n<\/ul>\n<p>Diplomados y especialidades:<\/p>\n<ul>\n<li>En Terapia Multigeneracional, Tanatolog\u00eda y Psicopatolog\u00eda.<\/li>\n<\/ul>\n<p>Cursos y talleres en Terapia de sesi\u00f1on \u00fanica (<em>Single-Session Therapy<\/em>),\u00a0<em>Coaching<\/em> Colaborativo, Supervisi\u00f3n Dial\u00f3gica, Intervenci\u00f3n en crisis, Estr\u00e9s Postraum\u00e1tico, Multiculturalidad y Diversidad sexual, Trastornos de la conducta Alimentaria, Autolesi\u00f3n y Manejos cognitivos-conductuales,\u00a0entre otros.<\/p>\n<h3>ALGO\u00a0M\u00c1S<\/h3>\n<p>Particip\u00e9 como especialista en la serie original Milagros Decodificados de la cadena History Channel, transmitida entre Octubre 2012 y Enero 2014.<\/p>\n<p>Practico hatha yoga desde hace 12 a\u00f1os, y tengo un background educativo en literatura y turismo.<\/p>\n<p>Algunas de mis aficiones son viajar, cocinar, exposiciones de arte, cine, lectura y escritura. Y desde mayo del presente a\u00f1o, mi mayor pasi\u00f3n es mi beb\u00e9.<\/p>\n","protected":false},"excerpt":{"rendered":"<p>\u00c1rbol de la Vida nace como un espacio de comunicaci\u00f3n en el cual comparto experiencias, perspectivas e informaci\u00f3n acerca de mi quehacer cl\u00ednico, con una\u00a0psicolog\u00eda clara y asequible. Y sobre todo, comparto la alegr\u00eda de un buen vivir. Francesca Caregnato Tosetto C\u00e9dula Profesional N. 5172316 C\u00e9dula Profesional N. 8029335 Psic\u00f3loga cl\u00ednica, psicoterapeuta certificada*, tanat\u00f3loga y counselor, docente universitaria a nivel &#8230; <\/p>\n<div><a href=\"https:\/\/arboldelavida.mx\/it\/informazioni-su-arbol-de-la-vida\/\" class=\"more-link\">Read More<\/a><\/div>\n","protected":false},"author":1,"featured_media":0,"parent":0,"menu_order":0,"comment_status":"open","ping_status":"closed","template":"template-blank-4.php","meta":{"footnotes":""},"class_list":["post-1802","page","type-page","status-publish","hentry","no-post-thumbnail"],"jetpack_shortlink":"https:\/\/wp.me\/P3xaKP-t4","jetpack_sharing_enabled":true,"_links":{"self":[{"href":"https:\/\/arboldelavida.mx\/it\/wp-json\/wp\/v2\/pages\/1802","targetHints":{"allow":["GET"]}}],"collection":[{"href":"https:\/\/arboldelavida.mx\/it\/wp-json\/wp\/v2\/pages"}],"about":[{"href":"https:\/\/arboldelavida.mx\/it\/wp-json\/wp\/v2\/types\/page"}],"author":[{"embeddable":true,"href":"https:\/\/arboldelavida.mx\/it\/wp-json\/wp\/v2\/users\/1"}],"replies":[{"embeddable":true,"href":"https:\/\/arboldelavida.mx\/it\/wp-json\/wp\/v2\/comments?post=1802"}],"version-history":[{"count":1,"href":"https:\/\/arboldelavida.mx\/it\/wp-json\/wp\/v2\/pages\/1802\/revisions"}],"predecessor-version":[{"id":1803,"href":"https:\/\/arboldelavida.mx\/it\/wp-json\/wp\/v2\/pages\/1802\/revisions\/1803"}],"wp:attachment":[{"href":"https:\/\/arboldelavida.mx\/it\/wp-json\/wp\/v2\/media?parent=1802"}],"curies":[{"name":"wp","href":"https:\/\/api.w.org\/{rel}","templated":true}]}}